{"id":4334,"date":"2023-05-09T09:06:39","date_gmt":"2023-05-09T07:06:39","guid":{"rendered":"https:\/\/www.tapio.eco\/?page_id=4334"},"modified":"2023-05-15T11:53:52","modified_gmt":"2023-05-15T09:53:52","slug":"mobility-challenge-atlasgo-tapio","status":"publish","type":"page","link":"https:\/\/www.tapio.eco\/fr\/mobility-challenge-atlasgo-tapio\/","title":{"rendered":"D\u00e9fi de mobilit\u00e9 durable &#8211; atlasGO x Tapio"},"content":{"rendered":"<section id=\"\" class=\"block-content-title container-fluid no-padding wrapper-margin-top-small wrapper-margin-bottom-small\">\n\n      <header class=\"animated fade-to-top\">\n      <h1>Un <strong>d&eacute;fi de mobilit&eacute; durable <\/strong>pour engager votre &eacute;quipe<\/h1>\n    <\/header>\n  \n      <div class=\"content animated fade-to-top\">\n      <p>Passez &agrave; la mobilit&eacute; douce pendant un mois (ou plus !) et r&eacute;duisez ensemble l&rsquo;<span class=\"\"  data-gt-translate-attributes='[{\"attribute\":\"data-cmtooltip\", \"format\":\"html\"}]' tabindex='0' role='link'>empreinte carbone<\/span> de votre entreprise.<\/p>\n    <\/div>\n  \n  \n<\/section>\n\n\n\n&nbsp;\n\n\n\n&nbsp;\n\n\n<section id=\"\" class=\"content-1-1 background-transparent wrapper-margin-top-small wrapper-margin-bottom-small animated fade-to-fade\">\n\n  <div class=\"row\">\n\n    \n      <article class=\"image  col-md-6 col-sm-12 col-12 animated fade-to-top\">\n\n                  <div class=\"js-replace-img animated fade-to-fade\">\n            <img decoding=\"async\" src=\"https:\/\/www.tapio.eco\/wp-content\/uploads\/2023\/05\/Pink-Modern-Travel-Instagram-Post-Square-4.png\" alt=\"atlasgo-tapio-mobility-challenge\"\/>\n          <\/div>\n\n\n        \n      <\/article>\n\n    \n      <article class=\"text  col-md-6 col-sm-12 col-12 animated fade-to-top\">\n\n        \n          \n          <div class=\"content animated fade-to-fade\">\n            <h2>D&eacute;placez vous <strong>durablement<\/strong><\/h2>\n<p>&Agrave; l&rsquo;occasion de la <strong>Semaine europ&eacute;enne de la mobilit&eacute;<\/strong> et de la Journ&eacute;e mondiale sans voiture, sensibilisez votre &eacute;quipe &agrave; la durabilit&eacute; en l&rsquo;encourageant &agrave; passer &agrave; la mobilit&eacute; douce pendant un mois.<\/p>\n<p>Environ <a href=\"https:\/\/www.eea.europa.eu\/en\/topics\/in-depth\/transport-and-mobility?size=n_10_n&amp;filters%5B0%5D%5Bfield%5D=readingTime&amp;filters%5B0%5D%5Btype%5D=any&amp;filters%5B0%5D%5Bvalues%5D%5B0%5D%5Bname%5D=All&amp;filters%5B0%5D%5Bvalues%5D%5B0%5D%5BrangeType%5D=fixed&amp;filters%5B1%5D%5Bfield%5D=issued.date&amp;filters%5B1%5D%5Btype%5D=any&amp;filters%5B1%5D%5Bvalues%5D%5B0%5D=Last%205%20years&amp;filters%5B2%5D%5Bfield%5D=language&amp;filters%5B2%5D%5Btype%5D=any&amp;filters%5B2%5D%5Bvalues%5D%5B0%5D=en\">25 % des &eacute;missions totales de gaz &agrave; effet de serre de l&rsquo;UE sont dues aux transports<\/a>, et ce pourcentage ne fait qu&rsquo;augmenter. Gr&acirc;ce au d&eacute;fi de la mobilit&eacute;, vous pourrez sensibiliser vos coll&egrave;gues &agrave; ce sujet et r&eacute;duire l&rsquo;empreinte de votre entreprise.<\/p>\n<p>&nbsp;<\/p>\n<p>Le d&eacute;fi se d&eacute;roule sur l&rsquo;application atlasGO et <span class=\"\"  data-gt-translate-attributes='[{\"attribute\":\"data-cmtooltip\", \"format\":\"html\"}]' tabindex='0' role='link'>Tapio<\/span> fournit les outils de calcultion de CO2. Chaque fois que vous trackez vos activit&eacute;s, vous verrez combien d&rsquo;&eacute;missions vous avez &eacute;vit&eacute;es par rapport &agrave; l&rsquo;utilisation d&rsquo;une voiture. &Agrave; la fin du d&eacute;fi, votre entreprise recevra un <strong>rapport sur les &eacute;missions &eacute;vit&eacute;es<\/strong> et un certificat &agrave; partager sur les r&eacute;seaux sociaux pour c&eacute;l&eacute;brer vos victoires !<\/p>\n          <\/div>\n\n          \n                      <footer class=\"animated fade-to-fade\">\n                              <a href=\"https:\/\/calendly.com\/atlasgo-bd\" class=\"btn-theme primary-border none \" target=\"_blank\">Contectez atlasGO<\/a>\n                          <\/footer>\n          \n          \n          \n        \n      <\/article>\n\n    \n  <\/div>\n\n<\/section>\n\n\n\n&nbsp;\n\n\n\n&nbsp;\n\n\n<section id=\"\" class=\"content-1-1 background-transparent wrapper-margin-top-small wrapper-margin-bottom-small animated fade-to-fade\">\n\n  <div class=\"row\">\n\n    \n      <article class=\"text  col-md-6 col-sm-12 col-12 animated fade-to-top\">\n\n        \n          \n          <div class=\"content animated fade-to-fade\">\n            <h2>Comment &ccedil;a marche ?<\/h2>\n<p>Sensibilisez votre &eacute;quipe au d&eacute;veloppement durable en encourageant vos employ&eacute;s &agrave; utiliser la mobilit&eacute; douce. Transports publics, covoiturage, scooters &eacute;lectriques, v&eacute;lo&hellip; moins &ccedil;a produit d&rsquo;&eacute;missions de carbone, mieux c&rsquo;est !<\/p>\n          <\/div>\n\n          \n            <div class=\"repeater-icon\">\n              <ul>\n\n                                  <li class=\"animated fade-to-top\">\n                    <span class=\"image-icon\">\n                      <img decoding=\"async\" src=\"https:\/\/www.tapio.eco\/wp-content\/uploads\/2023\/05\/Pink-Modern-Travel-Instagram-Post-Square-2.png\" alt=\"atlasgo-tapio-mobility-challenge\"\/>\n                    <\/span>\n                    <span class=\"text-wrapper\">\n                      <p><a href=\"https:\/\/atlasgo.org\/european-mobility-week\"><strong>Contactez atlasGO<\/strong><\/a> pour inscrire votre &eacute;quipe.<\/p>\n                    <\/span>\n                  <\/li>\n                                  <li class=\"animated fade-to-top\">\n                    <span class=\"image-icon\">\n                      <img decoding=\"async\" src=\"https:\/\/www.tapio.eco\/wp-content\/uploads\/2023\/05\/Pink-Modern-Travel-Instagram-Post-Square-2.png\" alt=\"atlasgo-tapio-mobility-challenge\"\/>\n                    <\/span>\n                    <span class=\"text-wrapper\">\n                      <p><strong>T&eacute;l&eacute;chargez l&rsquo;application <\/strong>avec tous vos coll&egrave;gues &ndash; vous &ecirc;tes maintenant pr&ecirc;ts &agrave; commencer le d&eacute;fi !<\/p>\n                    <\/span>\n                  <\/li>\n                                  <li class=\"animated fade-to-top\">\n                    <span class=\"image-icon\">\n                      <img decoding=\"async\" src=\"https:\/\/www.tapio.eco\/wp-content\/uploads\/2023\/05\/Pink-Modern-Travel-Instagram-Post-Square-2.png\" alt=\"atlasgo-tapio-mobility-challenge\"\/>\n                    <\/span>\n                    <span class=\"text-wrapper\">\n                      <p><strong>Trackez vos activit&eacute;s<\/strong> et vos accomplissements et &eacute;changez avec vos coll&egrave;gues via l&rsquo;application. L&rsquo;employ&eacute; le plus performant a droit &agrave; une place dans le certificat final !<\/p>\n                    <\/span>\n                  <\/li>\n                                  <li class=\"animated fade-to-top\">\n                    <span class=\"image-icon\">\n                      <img decoding=\"async\" src=\"https:\/\/www.tapio.eco\/wp-content\/uploads\/2023\/05\/Pink-Modern-Travel-Instagram-Post-Square-2.png\" alt=\"atlasgo-tapio-mobility-challenge\"\/>\n                    <\/span>\n                    <span class=\"text-wrapper\">\n                      <p>Le d&eacute;fi est termin&eacute; ! <strong>Recevez un certificat<\/strong> et <strong>un rapport sur les &eacute;missions &eacute;vit&eacute;es<\/strong> r&eacute;alis&eacute; par <span class=\"\"  data-gt-translate-attributes='[{\"attribute\":\"data-cmtooltip\", \"format\":\"html\"}]' tabindex='0' role='link'>Tapio<\/span> pour c&eacute;l&eacute;brer les efforts de votre &eacute;quipe.<\/p>\n                    <\/span>\n                  <\/li>\n                                  <li class=\"animated fade-to-top\">\n                    <span class=\"image-icon\">\n                      <img decoding=\"async\" src=\"https:\/\/www.tapio.eco\/wp-content\/uploads\/2023\/05\/Pink-Modern-Travel-Instagram-Post-Square-2.png\" alt=\"atlasgo-tapio-mobility-challenge\"\/>\n                    <\/span>\n                    <span class=\"text-wrapper\">\n                      <p>Obtenez une <strong>analyse compl&egrave;te de votre <span class=\"\"  data-gt-translate-attributes='[{\"attribute\":\"data-cmtooltip\", \"format\":\"html\"}]' tabindex='0' role='link'>empreinte carbone<\/span><\/strong> avant et apr&egrave;s le d&eacute;fi <em>(sur demande)<\/em>.<\/p>\n                    <\/span>\n                  <\/li>\n                \n              <\/ul>\n\n            <\/div>\n\n          \n          \n          \n          \n        \n      <\/article>\n\n    \n      <article class=\"image  col-md-6 col-sm-12 col-12 animated fade-to-top\">\n\n                  <div class=\"js-replace-img animated fade-to-fade\">\n            <img decoding=\"async\" src=\"https:\/\/www.tapio.eco\/wp-content\/uploads\/2023\/05\/casey-horner-4rDCa5hBlCs-unsplash-scaled.jpg\" alt=\"atlasgo-tapio-mobility-challenge\"\/>\n          <\/div>\n\n\n        \n      <\/article>\n\n    \n  <\/div>\n\n<\/section>\n\n\n\n&nbsp;\n\n\n\n&nbsp;\n\n\n\n&nbsp;\n\n\n\n<h2 class=\"wp-block-heading has-text-align-center\">C&eacute;l&eacute;brez vos succ&egrave;s avec un <strong>certificat<\/strong> &agrave; partager<\/h2>\n\n\n\n<p class=\"has-text-align-center\">La communication est essentielle ! R&eacute;compensez vos efforts en c&eacute;l&eacute;brant vos victoires avec votre r&eacute;seau. L&rsquo;employ&eacute; qui aura &eacute;vit&eacute; le plus d&rsquo;&eacute;missions recevra une mention sp&eacute;ciale sur le certificat.  <\/p>\n\n\n\n&nbsp;\n\n\n\n&nbsp;\n\n\n<div class=\"wp-block-image\">\n<figure class=\"aligncenter size-large is-resized\"><img loading=\"lazy\" decoding=\"async\" src=\"https:\/\/tapio.kiff.agency\/wp-content\/uploads\/2023\/05\/Tapio_AtlasGO_Certificate-1-modified-1024x576.png\" alt=\"\" class=\"wp-image-4186\" width=\"768\" height=\"432\"\/><\/figure>\n<\/div>\n\n\n&nbsp;\n\n\n\n&nbsp;\n\n\n\n&nbsp;\n\n\n<section id=\"\" class=\"content-1-1 background-transparent wrapper-margin-top-small wrapper-margin-bottom-small animated fade-to-fade\">\n\n  <div class=\"row\">\n\n    \n      <article class=\"image  col-md-6 col-sm-12 col-12 animated fade-to-top\">\n\n                  <div class=\"js-replace-img animated fade-to-fade\">\n            <img decoding=\"async\" src=\"https:\/\/www.tapio.eco\/wp-content\/uploads\/2023\/05\/antonio-janeski-CHVTt0aGbx0-unsplash-scaled.jpg\" alt=\"atlasgo-tapio-mobility-challenge\"\/>\n          <\/div>\n\n\n        \n      <\/article>\n\n    \n      <article class=\"text  col-md-6 col-sm-12 col-12 animated fade-to-top\">\n\n        \n          \n          <div class=\"content animated fade-to-fade\">\n            <h2>Un d&eacute;fi holistique<\/h2>\n<p>Une plan&egrave;te saine se traduit par des personnes heureuses. Faites adh&eacute;rer votre &eacute;quipe &agrave; un d&eacute;fi qui aborde &agrave; la fois la durabilit&eacute; et le bien-&ecirc;tre.<\/p>\n          <\/div>\n\n          \n            <div class=\"repeater-icon\">\n              <ul>\n\n                                  <li class=\"animated fade-to-top\">\n                    <span class=\"image-icon\">\n                      <img decoding=\"async\" src=\"https:\/\/www.tapio.eco\/wp-content\/uploads\/2023\/05\/Pink-Modern-Travel-Instagram-Post-Square-6.png\" alt=\"atlasgo-tapio-mobility-challenge\"\/>\n                    <\/span>\n                    <span class=\"text-wrapper\">\n                      <p>Renforcez la <strong>coh&eacute;sion de votre &eacute;quipe<\/strong> gr&acirc;ce &agrave; un d&eacute;fi de mobilit&eacute; durable unique.<\/p>\n                    <\/span>\n                  <\/li>\n                                  <li class=\"animated fade-to-top\">\n                    <span class=\"image-icon\">\n                      <img decoding=\"async\" src=\"https:\/\/www.tapio.eco\/wp-content\/uploads\/2023\/05\/Pink-Modern-Travel-Instagram-Post-Square-6.png\" alt=\"atlasgo-tapio-mobility-challenge\"\/>\n                    <\/span>\n                    <span class=\"text-wrapper\">\n                      <p><strong>Encouragez des habitudes durables<\/strong> en passant &agrave; la mobilit&eacute; douce tous ensemble.<\/p>\n                    <\/span>\n                  <\/li>\n                                  <li class=\"animated fade-to-top\">\n                    <span class=\"image-icon\">\n                      <img decoding=\"async\" src=\"https:\/\/www.tapio.eco\/wp-content\/uploads\/2023\/05\/Pink-Modern-Travel-Instagram-Post-Square-6.png\" alt=\"atlasgo-tapio-mobility-challenge\"\/>\n                    <\/span>\n                    <span class=\"text-wrapper\">\n                      <p><strong>Am&eacute;liorez le bien-&ecirc;tre de votre &eacute;quipe<\/strong> en l&rsquo;encourageant &agrave; se d&eacute;placer de mani&egrave;re durable.<\/p>\n                    <\/span>\n                  <\/li>\n                \n              <\/ul>\n\n            <\/div>\n\n          \n          \n          \n          \n        \n      <\/article>\n\n    \n  <\/div>\n\n<\/section>\n\n\n\n&nbsp;\n\n\n\n&nbsp;\n\n\n\n<h2 class=\"wp-block-heading has-text-align-center\">Envie de relever le d&eacute;fi ?<\/h2>\n\n\n\n&nbsp;\n\n\n\n\n\n&nbsp;\n\n\n\n&nbsp;\n","protected":false},"excerpt":{"rendered":"<p>&nbsp; &nbsp; &nbsp; &nbsp; &nbsp; &nbsp; &nbsp; C&eacute;l&eacute;brez vos succ&egrave;s avec un certificat &agrave; partager La communication est essentielle ! R&eacute;compensez vos efforts en c&eacute;l&eacute;brant vos victoires avec votre r&eacute;seau. &hellip; <a href=\"https:\/\/www.tapio.eco\/fr\/mobility-challenge-atlasgo-tapio\/\">Continued<\/a><\/p>\n","protected":false},"author":4,"featured_media":0,"parent":0,"menu_order":0,"comment_status":"closed","ping_status":"closed","template":"","meta":{"_acf_changed":false,"footnotes":""},"class_list":["post-4334","page","type-page","status-publish","hentry"],"acf":[],"yoast_head":"<!-- This site is optimized with the Yoast SEO plugin v27.3 - https:\/\/yoast.com\/product\/yoast-seo-wordpress\/ -->\n<title>D\u00e9fi de mobilit\u00e9 durable - atlasGO x Tapio<\/title>\n<meta name=\"description\" content=\"\u00c0 l&#039;occasion de la Semaine europ\u00e9enne de la mobilit\u00e9 douce, passez \u00e0 la mobilit\u00e9 douce pendant un mois avec votre \u00e9quipe et r\u00e9duisez l&#039;empreinte de votre entreprise.\" \/>\n<meta name=\"robots\" content=\"index, follow, max-snippet:-1, max-image-preview:large, max-video-preview:-1\" \/>\n<link rel=\"canonical\" href=\"https:\/\/www.tapio.eco\/fr\/mobility-challenge-atlasgo-tapio\/\" \/>\n<meta property=\"og:locale\" content=\"fr_FR\" \/>\n<meta property=\"og:type\" content=\"article\" \/>\n<meta property=\"og:title\" content=\"D\u00e9fi de mobilit\u00e9 durable - atlasGO x Tapio\" \/>\n<meta property=\"og:description\" content=\"\u00c0 l&#039;occasion de la Semaine europ\u00e9enne de la mobilit\u00e9 douce, passez \u00e0 la mobilit\u00e9 douce pendant un mois avec votre \u00e9quipe et r\u00e9duisez l&#039;empreinte de votre entreprise.\" \/>\n<meta property=\"og:url\" content=\"https:\/\/www.tapio.eco\/fr\/mobility-challenge-atlasgo-tapio\/\" \/>\n<meta property=\"og:site_name\" content=\"Tapio\" \/>\n<meta property=\"article:modified_time\" content=\"2023-05-15T09:53:52+00:00\" \/>\n<meta property=\"og:image\" content=\"https:\/\/tapio.kiff.agency\/wp-content\/uploads\/2023\/05\/Tapio_AtlasGO_Certificate-1-modified-1024x576.png\" \/>\n<meta name=\"twitter:card\" content=\"summary_large_image\" \/>\n<meta name=\"twitter:label1\" content=\"Dur\u00e9e de lecture estim\u00e9e\" \/>\n\t<meta name=\"twitter:data1\" content=\"1 minute\" \/>\n<script type=\"application\/ld+json\" class=\"yoast-schema-graph\">{\"@context\":\"https:\\\/\\\/schema.org\",\"@graph\":[{\"@type\":\"WebPage\",\"@id\":\"https:\\\/\\\/www.tapio.eco\\\/fr\\\/mobility-challenge-atlasgo-tapio\\\/\",\"url\":\"https:\\\/\\\/www.tapio.eco\\\/fr\\\/mobility-challenge-atlasgo-tapio\\\/\",\"name\":\"D\u00e9fi de mobilit\u00e9 durable - atlasGO x Tapio\",\"isPartOf\":{\"@id\":\"https:\\\/\\\/www.tapio.eco\\\/fr\\\/#website\"},\"primaryImageOfPage\":{\"@id\":\"https:\\\/\\\/www.tapio.eco\\\/fr\\\/mobility-challenge-atlasgo-tapio\\\/#primaryimage\"},\"image\":{\"@id\":\"https:\\\/\\\/www.tapio.eco\\\/fr\\\/mobility-challenge-atlasgo-tapio\\\/#primaryimage\"},\"thumbnailUrl\":\"https:\\\/\\\/tapio.kiff.agency\\\/wp-content\\\/uploads\\\/2023\\\/05\\\/Tapio_AtlasGO_Certificate-1-modified-1024x576.png\",\"datePublished\":\"2023-05-09T07:06:39+00:00\",\"dateModified\":\"2023-05-15T09:53:52+00:00\",\"description\":\"\u00c0 l'occasion de la Semaine europ\u00e9enne de la mobilit\u00e9 douce, passez \u00e0 la mobilit\u00e9 douce pendant un mois avec votre \u00e9quipe et r\u00e9duisez l'empreinte de votre entreprise.\",\"breadcrumb\":{\"@id\":\"https:\\\/\\\/www.tapio.eco\\\/fr\\\/mobility-challenge-atlasgo-tapio\\\/#breadcrumb\"},\"inLanguage\":\"fr-FR\",\"potentialAction\":[{\"@type\":\"ReadAction\",\"target\":[\"https:\\\/\\\/www.tapio.eco\\\/fr\\\/mobility-challenge-atlasgo-tapio\\\/\"]}]},{\"@type\":\"ImageObject\",\"inLanguage\":\"fr-FR\",\"@id\":\"https:\\\/\\\/www.tapio.eco\\\/fr\\\/mobility-challenge-atlasgo-tapio\\\/#primaryimage\",\"url\":\"https:\\\/\\\/tapio.kiff.agency\\\/wp-content\\\/uploads\\\/2023\\\/05\\\/Tapio_AtlasGO_Certificate-1-modified-1024x576.png\",\"contentUrl\":\"https:\\\/\\\/tapio.kiff.agency\\\/wp-content\\\/uploads\\\/2023\\\/05\\\/Tapio_AtlasGO_Certificate-1-modified-1024x576.png\"},{\"@type\":\"BreadcrumbList\",\"@id\":\"https:\\\/\\\/www.tapio.eco\\\/fr\\\/mobility-challenge-atlasgo-tapio\\\/#breadcrumb\",\"itemListElement\":[{\"@type\":\"ListItem\",\"position\":1,\"name\":\"Home\",\"item\":\"https:\\\/\\\/www.tapio.eco\\\/fr\\\/\"},{\"@type\":\"ListItem\",\"position\":2,\"name\":\"D\u00e9fi de mobilit\u00e9 durable &#8211; atlasGO x Tapio\"}]},{\"@type\":\"WebSite\",\"@id\":\"https:\\\/\\\/www.tapio.eco\\\/fr\\\/#website\",\"url\":\"https:\\\/\\\/www.tapio.eco\\\/fr\\\/\",\"name\":\"Tapio\",\"description\":\"\",\"potentialAction\":[{\"@type\":\"SearchAction\",\"target\":{\"@type\":\"EntryPoint\",\"urlTemplate\":\"https:\\\/\\\/www.tapio.eco\\\/fr\\\/?s={search_term_string}\"},\"query-input\":{\"@type\":\"PropertyValueSpecification\",\"valueRequired\":true,\"valueName\":\"search_term_string\"}}],\"inLanguage\":\"fr-FR\"}]}<\/script>\n<!-- \/ Yoast SEO plugin. -->","yoast_head_json":{"title":"D\u00e9fi de mobilit\u00e9 durable - atlasGO x Tapio","description":"\u00c0 l'occasion de la Semaine europ\u00e9enne de la mobilit\u00e9 douce, passez \u00e0 la mobilit\u00e9 douce pendant un mois avec votre \u00e9quipe et r\u00e9duisez l'empreinte de votre entreprise.","robots":{"index":"index","follow":"follow","max-snippet":"max-snippet:-1","max-image-preview":"max-image-preview:large","max-video-preview":"max-video-preview:-1"},"canonical":"https:\/\/www.tapio.eco\/fr\/mobility-challenge-atlasgo-tapio\/","og_locale":"fr_FR","og_type":"article","og_title":"D\u00e9fi de mobilit\u00e9 durable - atlasGO x Tapio","og_description":"\u00c0 l'occasion de la Semaine europ\u00e9enne de la mobilit\u00e9 douce, passez \u00e0 la mobilit\u00e9 douce pendant un mois avec votre \u00e9quipe et r\u00e9duisez l'empreinte de votre entreprise.","og_url":"https:\/\/www.tapio.eco\/fr\/mobility-challenge-atlasgo-tapio\/","og_site_name":"Tapio","article_modified_time":"2023-05-15T09:53:52+00:00","og_image":[{"url":"https:\/\/tapio.kiff.agency\/wp-content\/uploads\/2023\/05\/Tapio_AtlasGO_Certificate-1-modified-1024x576.png","type":"","width":"","height":""}],"twitter_card":"summary_large_image","twitter_misc":{"Dur\u00e9e de lecture estim\u00e9e":"1 minute"},"schema":{"@context":"https:\/\/schema.org","@graph":[{"@type":"WebPage","@id":"https:\/\/www.tapio.eco\/fr\/mobility-challenge-atlasgo-tapio\/","url":"https:\/\/www.tapio.eco\/fr\/mobility-challenge-atlasgo-tapio\/","name":"D\u00e9fi de mobilit\u00e9 durable - atlasGO x Tapio","isPartOf":{"@id":"https:\/\/www.tapio.eco\/fr\/#website"},"primaryImageOfPage":{"@id":"https:\/\/www.tapio.eco\/fr\/mobility-challenge-atlasgo-tapio\/#primaryimage"},"image":{"@id":"https:\/\/www.tapio.eco\/fr\/mobility-challenge-atlasgo-tapio\/#primaryimage"},"thumbnailUrl":"https:\/\/tapio.kiff.agency\/wp-content\/uploads\/2023\/05\/Tapio_AtlasGO_Certificate-1-modified-1024x576.png","datePublished":"2023-05-09T07:06:39+00:00","dateModified":"2023-05-15T09:53:52+00:00","description":"\u00c0 l'occasion de la Semaine europ\u00e9enne de la mobilit\u00e9 douce, passez \u00e0 la mobilit\u00e9 douce pendant un mois avec votre \u00e9quipe et r\u00e9duisez l'empreinte de votre entreprise.","breadcrumb":{"@id":"https:\/\/www.tapio.eco\/fr\/mobility-challenge-atlasgo-tapio\/#breadcrumb"},"inLanguage":"fr-FR","potentialAction":[{"@type":"ReadAction","target":["https:\/\/www.tapio.eco\/fr\/mobility-challenge-atlasgo-tapio\/"]}]},{"@type":"ImageObject","inLanguage":"fr-FR","@id":"https:\/\/www.tapio.eco\/fr\/mobility-challenge-atlasgo-tapio\/#primaryimage","url":"https:\/\/tapio.kiff.agency\/wp-content\/uploads\/2023\/05\/Tapio_AtlasGO_Certificate-1-modified-1024x576.png","contentUrl":"https:\/\/tapio.kiff.agency\/wp-content\/uploads\/2023\/05\/Tapio_AtlasGO_Certificate-1-modified-1024x576.png"},{"@type":"BreadcrumbList","@id":"https:\/\/www.tapio.eco\/fr\/mobility-challenge-atlasgo-tapio\/#breadcrumb","itemListElement":[{"@type":"ListItem","position":1,"name":"Home","item":"https:\/\/www.tapio.eco\/fr\/"},{"@type":"ListItem","position":2,"name":"D\u00e9fi de mobilit\u00e9 durable &#8211; atlasGO x Tapio"}]},{"@type":"WebSite","@id":"https:\/\/www.tapio.eco\/fr\/#website","url":"https:\/\/www.tapio.eco\/fr\/","name":"Tapio","description":"","potentialAction":[{"@type":"SearchAction","target":{"@type":"EntryPoint","urlTemplate":"https:\/\/www.tapio.eco\/fr\/?s={search_term_string}"},"query-input":{"@type":"PropertyValueSpecification","valueRequired":true,"valueName":"search_term_string"}}],"inLanguage":"fr-FR"}]}},"_links":{"self":[{"href":"https:\/\/www.tapio.eco\/fr\/wp-json\/wp\/v2\/pages\/4334","targetHints":{"allow":["GET"]}}],"collection":[{"href":"https:\/\/www.tapio.eco\/fr\/wp-json\/wp\/v2\/pages"}],"about":[{"href":"https:\/\/www.tapio.eco\/fr\/wp-json\/wp\/v2\/types\/page"}],"author":[{"embeddable":true,"href":"https:\/\/www.tapio.eco\/fr\/wp-json\/wp\/v2\/users\/4"}],"replies":[{"embeddable":true,"href":"https:\/\/www.tapio.eco\/fr\/wp-json\/wp\/v2\/comments?post=4334"}],"version-history":[{"count":21,"href":"https:\/\/www.tapio.eco\/fr\/wp-json\/wp\/v2\/pages\/4334\/revisions"}],"predecessor-version":[{"id":4864,"href":"https:\/\/www.tapio.eco\/fr\/wp-json\/wp\/v2\/pages\/4334\/revisions\/4864"}],"wp:attachment":[{"href":"https:\/\/www.tapio.eco\/fr\/wp-json\/wp\/v2\/media?parent=4334"}],"curies":[{"name":"wp","href":"https:\/\/api.w.org\/{rel}","templated":true}]}}