{"id":2742,"date":"2023-02-23T19:28:16","date_gmt":"2023-02-23T18:28:16","guid":{"rendered":"https:\/\/www.tapio.eco\/strategie-climat\/"},"modified":"2024-09-25T10:37:29","modified_gmt":"2024-09-25T08:37:29","slug":"strategie-climat","status":"publish","type":"page","link":"https:\/\/www.tapio.eco\/fr\/strategie-climat\/","title":{"rendered":"Strat\u00e9gie Climat"},"content":{"rendered":"<section id=\"\" class=\"block-content-title container-fluid no-padding wrapper-margin-top-no-espace wrapper-margin-bottom-small\">\n\n      <header class=\"animated fade-to-top\">\n      <h1>La <strong>strat&eacute;gie climat <\/strong>de votre entreprise<\/h1>\n    <\/header>\n  \n      <div class=\"content animated fade-to-top\">\n      <p id=\"tw-target-text\" class=\"tw-data-text tw-text-large tw-ta\" dir=\"ltr\" data-placeholder=\"Traduction\"><span class=\"Y2IQFc\" lang=\"fr\">Mesurez l&rsquo;<span class=\"\"  data-gt-translate-attributes='[{\"attribute\":\"data-cmtooltip\", \"format\":\"html\"}]' tabindex='0' role='link'>empreinte carbone<\/span> de votre entreprise, r&eacute;duisez votre impact environnemental gr&acirc;ce &agrave; un plan d&rsquo;action sur mesure, et communiquez en toute transparence.&nbsp;<\/span><\/p>\n    <\/div>\n  \n  \n<\/section>\n\n\n<section id=\"understand\" class=\"content-1-1 background-transparent wrapper-margin-top-medium wrapper-margin-bottom-medium animated fade-to-fade\">\n\n  <div class=\"row\">\n\n    \n      <article class=\"image  col-md-6 col-sm-12 col-12 animated fade-to-top\">\n\n                  <div class=\"normal animated fade-to-fade\">\n            <img decoding=\"async\" src=\"https:\/\/www.tapio.eco\/wp-content\/uploads\/2023\/04\/designs-for-WEBSITE-5.png\" alt=\"designs for WEBSITE (5)\"\/>\n          <\/div>\n\n\n        \n      <\/article>\n\n    \n      <article class=\"text  col-md-6 col-sm-12 col-12 animated fade-to-top\">\n\n        \n          \n          <div class=\"content animated fade-to-fade\">\n            <h2><span class=\"S1PPyQ\">Comprendre<\/span><\/h2>\n<h3><strong><span class=\"S1PPyQ\">Obtenez un bilan carbone<\/span><\/strong><\/h3>\n<p>Avec notre &eacute;quipe d&rsquo;experts, nous vous aidons &agrave; rassembler toutes les donn&eacute;es n&eacute;cessaires pour cr&eacute;er un bilan carbone complet pour votre entreprise. Ce rapport est d&eacute;taill&eacute; et conforme aux standards internationalement reconnus, tout en restant facile &agrave; consulter.<\/p>\n          <\/div>\n\n          \n            <div class=\"repeater-icon\">\n              <ul>\n\n                                  <li class=\"animated fade-to-top\">\n                    <span class=\"image-icon\">\n                      <img decoding=\"async\" src=\"https:\/\/www.tapio.eco\/wp-content\/uploads\/2023\/04\/Data-Collection-1.png\" alt=\"Data Collection\"\/>\n                    <\/span>\n                    <span class=\"text-wrapper\">\n                      <h4 id=\"tw-target-text\" class=\"tw-data-text tw-text-large tw-ta\" dir=\"ltr\" data-placeholder=\"Traduction\"><strong><span class=\"Y2IQFc\" lang=\"fr\">Outils de collecte de donn&eacute;es<\/span><\/strong><\/h4>\n                    <\/span>\n                  <\/li>\n                                  <li class=\"animated fade-to-top\">\n                    <span class=\"image-icon\">\n                      <img decoding=\"async\" src=\"https:\/\/www.tapio.eco\/wp-content\/uploads\/2023\/04\/Dynamic-dashboards.png\" alt=\"Dynamic dashboards\"\/>\n                    <\/span>\n                    <span class=\"text-wrapper\">\n                      <h4><strong>Analyse des donn&eacute;es<\/strong><\/h4>\n                    <\/span>\n                  <\/li>\n                                  <li class=\"animated fade-to-top\">\n                    <span class=\"image-icon\">\n                      <img decoding=\"async\" src=\"https:\/\/www.tapio.eco\/wp-content\/uploads\/2023\/04\/Connected-API.png\" alt=\"Connected API\"\/>\n                    <\/span>\n                    <span class=\"text-wrapper\">\n                      <h4><strong>Int&eacute;gr&eacute; &agrave; vos donn&eacute;es et outils<\/strong><\/h4>\n                    <\/span>\n                  <\/li>\n                \n              <\/ul>\n\n            <\/div>\n\n          \n          \n          \n          \n        \n      <\/article>\n\n    \n  <\/div>\n\n<\/section>\n\n\n<section id=\"act\" class=\"content-1-1 background-transparent wrapper-margin-top-no-espace wrapper-margin-bottom-medium animated fade-to-fade\">\n\n  <div class=\"row\">\n\n    \n      <article class=\"text  col-md-6 col-sm-12 col-12 animated fade-to-top\">\n\n        \n          \n          <div class=\"content animated fade-to-fade\">\n            <h2>Agir<\/h2>\n<h3><strong><span data-sheets-value='{\"1\":2,\"2\":\"&Eacute;labore un strat&eacute;gie bas carbone\"}' data-sheets-userformat='{\"2\":899,\"3\":{\"1\":0},\"4\":{\"1\":2,\"2\":14281427},\"10\":0,\"11\":4,\"12\":0}'>&Eacute;laborez une strat&eacute;gie bas carbone<\/span><\/strong><\/h3>\n<p><span data-sheets-value=\"{&quot;1&quot;:2,&quot;2&quot;:&quot;Nos experts &eacute;laboreront un plan d'action sur mesure pour aider votre entreprise &agrave; r&eacute;duire son empreinte carbone.&quot;}\" data-sheets-userformat='{\"2\":907,\"3\":{\"1\":0},\"4\":{\"1\":2,\"2\":14281427},\"6\":{\"1\":[{\"1\":2,\"2\":0,\"5\":{\"1\":2,\"2\":10066329}},{\"1\":0,\"2\":0,\"3\":3},{\"1\":1,\"2\":0,\"4\":2}]},\"10\":0,\"11\":4,\"12\":0}'>Nos experts &eacute;laboreront un plan d&rsquo;action sur mesure pour aider votre entreprise &agrave; r&eacute;duire son <span class=\"\"  data-gt-translate-attributes='[{\"attribute\":\"data-cmtooltip\", \"format\":\"html\"}]' tabindex='0' role='link'>empreinte carbone<\/span><\/span>.<\/p>\n          <\/div>\n\n          \n            <div class=\"repeater-icon\">\n              <ul>\n\n                                  <li class=\"animated fade-to-top\">\n                    <span class=\"image-icon\">\n                      <img decoding=\"async\" src=\"https:\/\/www.tapio.eco\/wp-content\/uploads\/2023\/04\/Targets.png\" alt=\"Targets\"\/>\n                    <\/span>\n                    <span class=\"text-wrapper\">\n                      <h4><strong>Strat&eacute;gie de r&eacute;duction bas&eacute;e sur la science<\/strong><\/h4>\n                    <\/span>\n                  <\/li>\n                                  <li class=\"animated fade-to-top\">\n                    <span class=\"image-icon\">\n                      <img decoding=\"async\" src=\"https:\/\/www.tapio.eco\/wp-content\/uploads\/2023\/04\/360.png\" alt=\"360\"\/>\n                    <\/span>\n                    <span class=\"text-wrapper\">\n                      <h4><strong>Plan d&rsquo;action personnalisable &agrave; 360&deg;<\/strong><\/h4>\n                    <\/span>\n                  <\/li>\n                                  <li class=\"animated fade-to-top\">\n                    <span class=\"image-icon\">\n                      <img decoding=\"async\" src=\"https:\/\/www.tapio.eco\/wp-content\/uploads\/2023\/04\/Marketplace.png\" alt=\"Marketplace\"\/>\n                    <\/span>\n                    <span class=\"text-wrapper\">\n                      <h4><strong><span class=\"S1PPyQ\">Marketplace de solutions<\/span><\/strong><\/h4>\n                    <\/span>\n                  <\/li>\n                                  <li class=\"animated fade-to-top\">\n                    <span class=\"image-icon\">\n                      <img decoding=\"async\" src=\"https:\/\/www.tapio.eco\/wp-content\/uploads\/2023\/04\/Reduction-Pathways.png\" alt=\"Reduction Pathways\"\/>\n                    <\/span>\n                    <span class=\"text-wrapper\">\n                      <h4><strong>Trackez vos progr&egrave;s<\/strong><\/h4>\n                    <\/span>\n                  <\/li>\n                \n              <\/ul>\n\n            <\/div>\n\n          \n          \n          \n          \n        \n      <\/article>\n\n    \n      <article class=\"image  col-md-6 col-sm-12 col-12 animated fade-to-top\">\n\n                  <div class=\"normal animated fade-to-fade\">\n            <img decoding=\"async\" src=\"https:\/\/www.tapio.eco\/wp-content\/uploads\/2023\/04\/designs-for-WEBSITE-6.png\" alt=\"designs for WEBSITE (6)\"\/>\n          <\/div>\n\n\n        \n      <\/article>\n\n    \n  <\/div>\n\n<\/section>\n\n\n<section id=\"engage\" class=\"content-1-1 background-transparent wrapper-margin-top-no-espace wrapper-margin-bottom-large animated fade-to-fade\">\n\n  <div class=\"row\">\n\n    \n      <article class=\"image  col-md-6 col-sm-12 col-12 animated fade-to-top\">\n\n                  <div class=\"normal animated fade-to-fade\">\n            <img decoding=\"async\" src=\"https:\/\/www.tapio.eco\/wp-content\/uploads\/2023\/04\/designs-for-WEBSITE-7.png\" alt=\"designs for WEBSITE (7)\"\/>\n          <\/div>\n\n\n        \n      <\/article>\n\n    \n      <article class=\"text  col-md-6 col-sm-12 col-12 animated fade-to-top\">\n\n        \n          \n          <div class=\"content animated fade-to-fade\">\n            <h2>Engager<\/h2>\n<h3><strong>Favorisez la transparence et la sensibilisation au climat<\/strong><\/h3>\n<p><span data-sheets-value='{\"1\":2,\"2\":\"You will be able to communicate easily and transparently with employees, clients and partners about your sustainability journey.\"}' data-sheets-userformat='{\"2\":899,\"3\":{\"1\":0},\"4\":{\"1\":2,\"2\":16773836},\"10\":0,\"11\":4,\"12\":0}'>Communiquez de mani&egrave;re transparente avec vos employ&eacute;s, clients et partenaires sur votre parcours en mati&egrave;re de d&eacute;veloppement durable. Proposez des ateliers interactifs &agrave; vos employ&eacute;s pour aider &agrave; am&eacute;liorer la sensibilisation au climat au sein de votre organisation. <\/span><\/p>\n          <\/div>\n\n          \n            <div class=\"repeater-icon\">\n              <ul>\n\n                                  <li class=\"animated fade-to-top\">\n                    <span class=\"image-icon\">\n                      <img decoding=\"async\" src=\"https:\/\/www.tapio.eco\/wp-content\/uploads\/2023\/04\/Trainings.png\" alt=\"Trainings\"\/>\n                    <\/span>\n                    <span class=\"text-wrapper\">\n                      <p><strong>Workshops et outils<\/strong><\/p>\n                    <\/span>\n                  <\/li>\n                                  <li class=\"animated fade-to-top\">\n                    <span class=\"image-icon\">\n                      <img decoding=\"async\" src=\"https:\/\/www.tapio.eco\/wp-content\/uploads\/2023\/04\/Reporting.png\" alt=\"Reporting\"\/>\n                    <\/span>\n                    <span class=\"text-wrapper\">\n                      <h4><strong>Rapports auditables<\/strong><\/h4>\n                    <\/span>\n                  <\/li>\n                                  <li class=\"animated fade-to-top\">\n                    <span class=\"image-icon\">\n                      <img decoding=\"async\" src=\"https:\/\/www.tapio.eco\/wp-content\/uploads\/2023\/04\/Engage.png\" alt=\"Engage\"\/>\n                    <\/span>\n                    <span class=\"text-wrapper\">\n                      <h4><strong>Communication<\/strong><\/h4>\n                    <\/span>\n                  <\/li>\n                                  <li class=\"animated fade-to-top\">\n                    <span class=\"image-icon\">\n                      <img decoding=\"async\" src=\"https:\/\/www.tapio.eco\/wp-content\/uploads\/2023\/04\/Forms-v2.png\" alt=\"Forms v2\"\/>\n                    <\/span>\n                    <span class=\"text-wrapper\">\n                      <h4><strong>Sondages personnalis&eacute;s<\/strong><\/h4>\n                    <\/span>\n                  <\/li>\n                \n              <\/ul>\n\n            <\/div>\n\n          \n          \n          \n          \n        \n      <\/article>\n\n    \n  <\/div>\n\n<\/section>\n\n\n\n<section class=\"block-link text-center background-transparent wrapper-margin-top-small wrapper-margin-bottom-small animated fade-to-top\">\n\n      <div class=\"intro-wrapper\">\n\n              <header class=\"animated fade-to-top\">\n          <h2><strong><span style=\"color: #18586d;\">Passez &agrave; l&rsquo;action<\/span><\/strong><\/h2>\n<h2><!-- wp:acf\/content-title {\"name\":\"acf\/content-title\",\"data\":{\"block_content_title_title\":\"\\u003ch2\\u003e\\u003cstrong\\u003eYou\\u003c\/strong\\u003e are not alone\\u003c\/h2\\u003e\",\"_block_content_title_title\":\"field_641821534189c\",\"block_content_title_text\":\"Read the testimonials from our clients.\",\"_block_content_title_text\":\"field_641821644189d\",\"block_content_title_link\":\"\",\"_block_content_title_link\":\"field_6418295f2d92b\",\"block_style_id\":\"\",\"_block_style_id\":\"field_642adfd691e88\",\"block_style_espace_top\":\"small\",\"_block_style_espace_top\":\"field_6417a62587a88\",\"block_style_espace_bottom\":\"small\",\"_block_style_espace_bottom\":\"field_64181b7a6f7f9\",\"block_style_background\":\"transparent\",\"_block_style_background\":\"field_6424aa746e1d4\"},\"mode\":\"edit\"} \/--><!-- wp:acf\/content-title {\"name\":\"acf\/content-title\",\"data\":{\"block_content_title_title\":\"\\u003ch2\\u003e\\u003cstrong\\u003eYou\\u003c\/strong\\u003e are not alone\\u003c\/h2\\u003e\",\"_block_content_title_title\":\"field_641821534189c\",\"block_content_title_text\":\"Read the testimonials from our clients.\",\"_block_content_title_text\":\"field_641821644189d\",\"block_content_title_link\":\"\",\"_block_content_title_link\":\"field_6418295f2d92b\",\"block_style_id\":\"\",\"_block_style_id\":\"field_642adfd691e88\",\"block_style_espace_top\":\"small\",\"_block_style_espace_top\":\"field_6417a62587a88\",\"block_style_espace_bottom\":\"small\",\"_block_style_espace_bottom\":\"field_64181b7a6f7f9\",\"block_style_background\":\"transparent\",\"_block_style_background\":\"field_6424aa746e1d4\"},\"mode\":\"edit\"} \/--><\/h2>\n        <\/header>\n      \n              <div class=\"content animated fade-to-top\">\n          <p><span data-sheets-value='{\"1\":2,\"2\":\"Empower your business with an effective carbon strategy\"}' data-sheets-userformat='{\"2\":907,\"3\":{\"1\":0},\"4\":{\"1\":2,\"2\":16773836},\"6\":{\"1\":[{\"1\":2,\"2\":0,\"5\":{\"1\":2,\"2\":10066329}},{\"1\":0,\"2\":0,\"3\":3},{\"1\":1,\"2\":0,\"4\":2}]},\"10\":0,\"11\":4,\"12\":0}'>Nos experts se feront un plaisir de discuter de votre strat&eacute;gie climatique.<\/span><\/p>\n        <\/div>\n      \n    <\/div>\n  \n  <div class=\"content align-center row\">\n\n    <ul>\n\n      \n        <li class=\"animated fade-to-top\">\n          <a class=\"btn-theme blue contact modal-act\" href=\"https:\/\/www.tapio.eco\/fr\/contact\/\" target=\"\">Contactez-nous<\/a>\n        <\/li>\n\n      \n        <li class=\"animated fade-to-top\">\n          <a class=\"btn-theme primary-border agenda modal-act\" href=\"https:\/\/www.tapio.eco\/fr\/book-a-demo\/\" target=\"\">Prenez rendez-vous<\/a>\n        <\/li>\n\n      \n    <\/ul>\n\n  <\/div>\n\n<\/section>\n","protected":false},"excerpt":{"rendered":"","protected":false},"author":1,"featured_media":0,"parent":0,"menu_order":0,"comment_status":"closed","ping_status":"closed","template":"","meta":{"_acf_changed":false,"footnotes":""},"class_list":["post-2742","page","type-page","status-publish","hentry"],"acf":[],"yoast_head":"<!-- This site is optimized with the Yoast SEO plugin v27.3 - https:\/\/yoast.com\/product\/yoast-seo-wordpress\/ -->\n<title>Strat\u00e9gie Climatique - Tapio<\/title>\n<meta name=\"description\" content=\"Allez plus loin dans la comptabilit\u00e9 carbone G\u00e9rez vos \u00e9missions et cr\u00e9ez une strat\u00e9gie climatique d&#039;entreprise adapt\u00e9e aux besoins de votre entreprise.\" \/>\n<meta name=\"robots\" content=\"index, follow, max-snippet:-1, max-image-preview:large, max-video-preview:-1\" \/>\n<link rel=\"canonical\" href=\"https:\/\/www.tapio.eco\/fr\/strategie-climat\/\" \/>\n<meta property=\"og:locale\" content=\"fr_FR\" \/>\n<meta property=\"og:type\" content=\"article\" \/>\n<meta property=\"og:title\" content=\"Strat\u00e9gie Climatique - Tapio\" \/>\n<meta property=\"og:description\" content=\"Allez plus loin dans la comptabilit\u00e9 carbone G\u00e9rez vos \u00e9missions et cr\u00e9ez une strat\u00e9gie climatique d&#039;entreprise adapt\u00e9e aux besoins de votre entreprise.\" \/>\n<meta property=\"og:url\" content=\"https:\/\/www.tapio.eco\/fr\/strategie-climat\/\" \/>\n<meta property=\"og:site_name\" content=\"Tapio\" \/>\n<meta property=\"article:modified_time\" content=\"2024-09-25T08:37:29+00:00\" \/>\n<meta name=\"twitter:card\" content=\"summary_large_image\" \/>\n<script type=\"application\/ld+json\" class=\"yoast-schema-graph\">{\"@context\":\"https:\\\/\\\/schema.org\",\"@graph\":[{\"@type\":\"WebPage\",\"@id\":\"https:\\\/\\\/www.tapio.eco\\\/fr\\\/strategie-climat\\\/\",\"url\":\"https:\\\/\\\/www.tapio.eco\\\/fr\\\/strategie-climat\\\/\",\"name\":\"Strat\u00e9gie Climatique - Tapio\",\"isPartOf\":{\"@id\":\"https:\\\/\\\/www.tapio.eco\\\/fr\\\/#website\"},\"datePublished\":\"2023-02-23T18:28:16+00:00\",\"dateModified\":\"2024-09-25T08:37:29+00:00\",\"description\":\"Allez plus loin dans la comptabilit\u00e9 carbone G\u00e9rez vos \u00e9missions et cr\u00e9ez une strat\u00e9gie climatique d'entreprise adapt\u00e9e aux besoins de votre entreprise.\",\"breadcrumb\":{\"@id\":\"https:\\\/\\\/www.tapio.eco\\\/fr\\\/strategie-climat\\\/#breadcrumb\"},\"inLanguage\":\"fr-FR\",\"potentialAction\":[{\"@type\":\"ReadAction\",\"target\":[\"https:\\\/\\\/www.tapio.eco\\\/fr\\\/strategie-climat\\\/\"]}]},{\"@type\":\"BreadcrumbList\",\"@id\":\"https:\\\/\\\/www.tapio.eco\\\/fr\\\/strategie-climat\\\/#breadcrumb\",\"itemListElement\":[{\"@type\":\"ListItem\",\"position\":1,\"name\":\"Home\",\"item\":\"https:\\\/\\\/www.tapio.eco\\\/fr\\\/\"},{\"@type\":\"ListItem\",\"position\":2,\"name\":\"Strat\u00e9gie Climat\"}]},{\"@type\":\"WebSite\",\"@id\":\"https:\\\/\\\/www.tapio.eco\\\/fr\\\/#website\",\"url\":\"https:\\\/\\\/www.tapio.eco\\\/fr\\\/\",\"name\":\"Tapio\",\"description\":\"\",\"potentialAction\":[{\"@type\":\"SearchAction\",\"target\":{\"@type\":\"EntryPoint\",\"urlTemplate\":\"https:\\\/\\\/www.tapio.eco\\\/fr\\\/?s={search_term_string}\"},\"query-input\":{\"@type\":\"PropertyValueSpecification\",\"valueRequired\":true,\"valueName\":\"search_term_string\"}}],\"inLanguage\":\"fr-FR\"}]}<\/script>\n<!-- \/ Yoast SEO plugin. -->","yoast_head_json":{"title":"Strat\u00e9gie Climatique - Tapio","description":"Allez plus loin dans la comptabilit\u00e9 carbone G\u00e9rez vos \u00e9missions et cr\u00e9ez une strat\u00e9gie climatique d'entreprise adapt\u00e9e aux besoins de votre entreprise.","robots":{"index":"index","follow":"follow","max-snippet":"max-snippet:-1","max-image-preview":"max-image-preview:large","max-video-preview":"max-video-preview:-1"},"canonical":"https:\/\/www.tapio.eco\/fr\/strategie-climat\/","og_locale":"fr_FR","og_type":"article","og_title":"Strat\u00e9gie Climatique - Tapio","og_description":"Allez plus loin dans la comptabilit\u00e9 carbone G\u00e9rez vos \u00e9missions et cr\u00e9ez une strat\u00e9gie climatique d'entreprise adapt\u00e9e aux besoins de votre entreprise.","og_url":"https:\/\/www.tapio.eco\/fr\/strategie-climat\/","og_site_name":"Tapio","article_modified_time":"2024-09-25T08:37:29+00:00","twitter_card":"summary_large_image","schema":{"@context":"https:\/\/schema.org","@graph":[{"@type":"WebPage","@id":"https:\/\/www.tapio.eco\/fr\/strategie-climat\/","url":"https:\/\/www.tapio.eco\/fr\/strategie-climat\/","name":"Strat\u00e9gie Climatique - Tapio","isPartOf":{"@id":"https:\/\/www.tapio.eco\/fr\/#website"},"datePublished":"2023-02-23T18:28:16+00:00","dateModified":"2024-09-25T08:37:29+00:00","description":"Allez plus loin dans la comptabilit\u00e9 carbone G\u00e9rez vos \u00e9missions et cr\u00e9ez une strat\u00e9gie climatique d'entreprise adapt\u00e9e aux besoins de votre entreprise.","breadcrumb":{"@id":"https:\/\/www.tapio.eco\/fr\/strategie-climat\/#breadcrumb"},"inLanguage":"fr-FR","potentialAction":[{"@type":"ReadAction","target":["https:\/\/www.tapio.eco\/fr\/strategie-climat\/"]}]},{"@type":"BreadcrumbList","@id":"https:\/\/www.tapio.eco\/fr\/strategie-climat\/#breadcrumb","itemListElement":[{"@type":"ListItem","position":1,"name":"Home","item":"https:\/\/www.tapio.eco\/fr\/"},{"@type":"ListItem","position":2,"name":"Strat\u00e9gie Climat"}]},{"@type":"WebSite","@id":"https:\/\/www.tapio.eco\/fr\/#website","url":"https:\/\/www.tapio.eco\/fr\/","name":"Tapio","description":"","potentialAction":[{"@type":"SearchAction","target":{"@type":"EntryPoint","urlTemplate":"https:\/\/www.tapio.eco\/fr\/?s={search_term_string}"},"query-input":{"@type":"PropertyValueSpecification","valueRequired":true,"valueName":"search_term_string"}}],"inLanguage":"fr-FR"}]}},"_links":{"self":[{"href":"https:\/\/www.tapio.eco\/fr\/wp-json\/wp\/v2\/pages\/2742","targetHints":{"allow":["GET"]}}],"collection":[{"href":"https:\/\/www.tapio.eco\/fr\/wp-json\/wp\/v2\/pages"}],"about":[{"href":"https:\/\/www.tapio.eco\/fr\/wp-json\/wp\/v2\/types\/page"}],"author":[{"embeddable":true,"href":"https:\/\/www.tapio.eco\/fr\/wp-json\/wp\/v2\/users\/1"}],"replies":[{"embeddable":true,"href":"https:\/\/www.tapio.eco\/fr\/wp-json\/wp\/v2\/comments?post=2742"}],"version-history":[{"count":18,"href":"https:\/\/www.tapio.eco\/fr\/wp-json\/wp\/v2\/pages\/2742\/revisions"}],"predecessor-version":[{"id":5924,"href":"https:\/\/www.tapio.eco\/fr\/wp-json\/wp\/v2\/pages\/2742\/revisions\/5924"}],"wp:attachment":[{"href":"https:\/\/www.tapio.eco\/fr\/wp-json\/wp\/v2\/media?parent=2742"}],"curies":[{"name":"wp","href":"https:\/\/api.w.org\/{rel}","templated":true}]}}